{"id":546,"date":"2025-12-04T11:01:37","date_gmt":"2025-12-04T10:01:37","guid":{"rendered":"https:\/\/mogyi.com\/?post_type=product&#038;p=546"},"modified":"2026-02-20T10:39:18","modified_gmt":"2026-02-20T09:39:18","slug":"syrova-loupana-streva","status":"publish","type":"product","link":"https:\/\/mogyi.com\/cz\/produkt\/syrova-loupana-streva\/","title":{"rendered":"D\u00fd\u0148ov\u00e1 sem\u00ednka, loupan\u00e1, syrov\u00e1"},"content":{"rendered":"","protected":false},"excerpt":{"rendered":"","protected":false},"featured_media":0,"comment_status":"open","ping_status":"closed","template":"","meta":[],"product_brand":[],"product_cat":[25],"product_tag":[],"mogyi_taste":[65],"mogyi_benefits":[],"mogyi_other_tags":[],"class_list":{"0":"post-546","1":"product","2":"type-product","3":"status-publish","5":"product_cat-magvak","6":"mogyi_taste-natur","8":"first","9":"instock","10":"shipping-taxable","11":"product-type-simple"},"_links":{"self":[{"href":"https:\/\/mogyi.com\/cz\/wp-json\/wp\/v2\/product\/546","targetHints":{"allow":["GET"]}}],"collection":[{"href":"https:\/\/mogyi.com\/cz\/wp-json\/wp\/v2\/product"}],"about":[{"href":"https:\/\/mogyi.com\/cz\/wp-json\/wp\/v2\/types\/product"}],"replies":[{"embeddable":true,"href":"https:\/\/mogyi.com\/cz\/wp-json\/wp\/v2\/comments?post=546"}],"wp:attachment":[{"href":"https:\/\/mogyi.com\/cz\/wp-json\/wp\/v2\/media?parent=546"}],"wp:term":[{"taxonomy":"product_brand","embeddable":true,"href":"https:\/\/mogyi.com\/cz\/wp-json\/wp\/v2\/product_brand?post=546"},{"taxonomy":"product_cat","embeddable":true,"href":"https:\/\/mogyi.com\/cz\/wp-json\/wp\/v2\/product_cat?post=546"},{"taxonomy":"product_tag","embeddable":true,"href":"https:\/\/mogyi.com\/cz\/wp-json\/wp\/v2\/product_tag?post=546"},{"taxonomy":"mogyi_taste","embeddable":true,"href":"https:\/\/mogyi.com\/cz\/wp-json\/wp\/v2\/mogyi_taste?post=546"},{"taxonomy":"mogyi_benefits","embeddable":true,"href":"https:\/\/mogyi.com\/cz\/wp-json\/wp\/v2\/mogyi_benefits?post=546"},{"taxonomy":"mogyi_other_tags","embeddable":true,"href":"https:\/\/mogyi.com\/cz\/wp-json\/wp\/v2\/mogyi_other_tags?post=546"}],"curies":[{"name":"wp","href":"https:\/\/api.w.org\/{rel}","templated":true}]}}