{"id":456,"date":"2025-11-20T14:09:15","date_gmt":"2025-11-20T13:09:15","guid":{"rendered":"https:\/\/mogyi.com\/?page_id=456"},"modified":"2026-03-16T12:40:00","modified_gmt":"2026-03-16T11:40:00","slug":"kezdolap","status":"publish","type":"page","link":"https:\/\/mogyi.com\/ee\/","title":{"rendered":"Kodu"},"content":{"rendered":"<div data-elementor-type=\"wp-page\" data-elementor-id=\"456\" class=\"elementor elementor-456\" data-elementor-post-type=\"page\">\n\t\t\t\t<div class=\"elementor-element elementor-element-551b739 e-con-full elementor-hidden-mobile e-flex e-con e-parent\" data-id=\"551b739\" data-element_type=\"container\" data-settings=\"{&quot;background_background&quot;:&quot;video&quot;,&quot;background_video_link&quot;:&quot;https:\\\/\\\/mogyi.com\\\/wp-content\\\/uploads\\\/2025\\\/12\\\/Mogyi-Web-Hero-Video-03b-720p.webm&quot;,&quot;background_play_on_mobile&quot;:&quot;yes&quot;}\">\n\t\t<div class=\"elementor-background-video-container\" aria-hidden=\"true\">\n\t\t\t\t\t\t\t<video class=\"elementor-background-video-hosted\" autoplay muted playsinline loop><\/video>\n\t\t\t\t\t<\/div>\t\t<div class=\"elementor-element elementor-element-4d28521 elementor-widget elementor-widget-spacer\" data-id=\"4d28521\" data-element_type=\"widget\" data-widget_type=\"spacer.default\">\n\t\t\t\t\t\t\t<div class=\"elementor-spacer\">\n\t\t\t<div class=\"elementor-spacer-inner\"><\/div>\n\t\t<\/div>\n\t\t\t\t\t\t<\/div>\n\t\t<div class=\"elementor-element elementor-element-e01ceeb e-con-full e-flex e-con e-child\" data-id=\"e01ceeb\" data-element_type=\"container\">\n\t\t<div class=\"elementor-element elementor-element-2239113 e-con-full e-flex e-con e-child\" data-id=\"2239113\" data-element_type=\"container\">\n\t\t\t\t<div class=\"elementor-element elementor-element-8dca647 elementor-widget elementor-widget-spacer\" data-id=\"8dca647\" data-element_type=\"widget\" data-widget_type=\"spacer.default\">\n\t\t\t\t\t\t\t<div class=\"elementor-spacer\">\n\t\t\t<div class=\"elementor-spacer-inner\"><\/div>\n\t\t<\/div>\n\t\t\t\t\t\t<\/div>\n\t\t\t\t<\/div>\n\t\t<div class=\"elementor-element elementor-element-2bc711c e-con-full e-flex e-con e-child\" data-id=\"2bc711c\" data-element_type=\"container\">\n\t\t\t\t<div class=\"elementor-element elementor-element-8ccfc15 elementor-widget elementor-widget-image\" data-id=\"8ccfc15\" data-element_type=\"widget\" data-widget_type=\"image.default\">\n\t\t\t\t\t\t\t\t\t\t\t\t\t\t\t\t<a href=\"#aktualitas\">\n\t\t\t\t\t\t\t<img loading=\"lazy\" decoding=\"async\" width=\"224\" height=\"224\" src=\"https:\/\/mogyi.com\/wp-content\/uploads\/2025\/11\/Buttons-1.png\" class=\"attachment-large size-large wp-image-490\" alt=\"\" srcset=\"https:\/\/mogyi.com\/wp-content\/uploads\/2025\/11\/Buttons-1.png 224w, https:\/\/mogyi.com\/wp-content\/uploads\/2025\/11\/Buttons-1-150x150.png 150w, https:\/\/mogyi.com\/wp-content\/uploads\/2025\/11\/Buttons-1-12x12.png 12w, https:\/\/mogyi.com\/wp-content\/uploads\/2025\/11\/Buttons-1-100x100.png 100w\" sizes=\"auto, (max-width: 224px) 100vw, 224px\" \/>\t\t\t\t\t\t\t\t<\/a>\n\t\t\t\t\t\t\t\t\t\t\t\t\t\t\t<\/div>\n\t\t\t\t<\/div>\n\t\t<div class=\"elementor-element elementor-element-ff34d27 e-con-full e-flex e-con e-child\" data-id=\"ff34d27\" data-element_type=\"container\">\n\t\t\t\t<div class=\"elementor-element elementor-element-6cfbbed elementor-widget elementor-widget-image\" data-id=\"6cfbbed\" data-element_type=\"widget\" data-widget_type=\"image.default\">\n\t\t\t\t\t\t\t\t\t\t\t\t\t\t\t\t<a href=\"#elementor-action%3Aaction%3Dpopup%3Aopen%26settings%3DeyJpZCI6IjEwMTUiLCJ0b2dnbGUiOmZhbHNlfQ%3D%3D\">\n\t\t\t\t\t\t\t<img loading=\"lazy\" decoding=\"async\" width=\"112\" height=\"112\" src=\"https:\/\/mogyi.com\/wp-content\/uploads\/2025\/11\/play-circle-1.png\" class=\"attachment-large size-large wp-image-492\" alt=\"\" srcset=\"https:\/\/mogyi.com\/wp-content\/uploads\/2025\/11\/play-circle-1.png 112w, https:\/\/mogyi.com\/wp-content\/uploads\/2025\/11\/play-circle-1-12x12.png 12w, https:\/\/mogyi.com\/wp-content\/uploads\/2025\/11\/play-circle-1-100x100.png 100w\" sizes=\"auto, (max-width: 112px) 100vw, 112px\" \/>\t\t\t\t\t\t\t\t<\/a>\n\t\t\t\t\t\t\t\t\t\t\t\t\t\t\t<\/div>\n\t\t\t\t<div class=\"elementor-element elementor-element-41b8391 elementor-widget-mobile__width-initial elementor-widget elementor-widget-heading\" data-id=\"41b8391\" data-element_type=\"widget\" data-widget_type=\"heading.default\">\n\t\t\t\t\t<h2 class=\"elementor-heading-title elementor-size-default\">m\u00e4ngima<\/h2>\t\t\t\t<\/div>\n\t\t\t\t<\/div>\n\t\t\t\t<\/div>\n\t\t\t\t<\/div>\n\t\t<div class=\"elementor-element elementor-element-521d478 e-con-full elementor-hidden-desktop elementor-hidden-tablet e-flex e-con e-parent\" data-id=\"521d478\" data-element_type=\"container\" data-settings=\"{&quot;background_background&quot;:&quot;video&quot;,&quot;background_video_link&quot;:&quot;https:\\\/\\\/mogyi.com\\\/wp-content\\\/uploads\\\/2025\\\/12\\\/Mogyi-Web-Hero-Video-03b-allo-720p.webm&quot;,&quot;background_play_on_mobile&quot;:&quot;yes&quot;}\">\n\t\t<div class=\"elementor-background-video-container\" aria-hidden=\"true\">\n\t\t\t\t\t\t\t<video class=\"elementor-background-video-hosted\" autoplay muted playsinline loop><\/video>\n\t\t\t\t\t<\/div>\t\t<div class=\"elementor-element elementor-element-fd8f06d elementor-widget elementor-widget-spacer\" data-id=\"fd8f06d\" data-element_type=\"widget\" data-widget_type=\"spacer.default\">\n\t\t\t\t\t\t\t<div class=\"elementor-spacer\">\n\t\t\t<div class=\"elementor-spacer-inner\"><\/div>\n\t\t<\/div>\n\t\t\t\t\t\t<\/div>\n\t\t<div class=\"elementor-element elementor-element-b1a7943 e-con-full e-flex e-con e-child\" data-id=\"b1a7943\" data-element_type=\"container\">\n\t\t<div class=\"elementor-element elementor-element-68761a4 e-con-full e-flex e-con e-child\" data-id=\"68761a4\" data-element_type=\"container\">\n\t\t\t\t<div class=\"elementor-element elementor-element-fc2bac4 elementor-widget elementor-widget-spacer\" data-id=\"fc2bac4\" data-element_type=\"widget\" data-widget_type=\"spacer.default\">\n\t\t\t\t\t\t\t<div class=\"elementor-spacer\">\n\t\t\t<div class=\"elementor-spacer-inner\"><\/div>\n\t\t<\/div>\n\t\t\t\t\t\t<\/div>\n\t\t\t\t<\/div>\n\t\t<div class=\"elementor-element elementor-element-223ead6 e-con-full e-flex e-con e-child\" data-id=\"223ead6\" data-element_type=\"container\">\n\t\t\t\t<div class=\"elementor-element elementor-element-62d66d7 elementor-widget elementor-widget-image\" data-id=\"62d66d7\" data-element_type=\"widget\" data-widget_type=\"image.default\">\n\t\t\t\t\t\t\t\t\t\t\t\t\t\t\t\t<a href=\"#aktualitas\">\n\t\t\t\t\t\t\t<img loading=\"lazy\" decoding=\"async\" width=\"224\" height=\"224\" src=\"https:\/\/mogyi.com\/wp-content\/uploads\/2025\/11\/Buttons-1.png\" class=\"attachment-large size-large wp-image-490\" alt=\"\" srcset=\"https:\/\/mogyi.com\/wp-content\/uploads\/2025\/11\/Buttons-1.png 224w, https:\/\/mogyi.com\/wp-content\/uploads\/2025\/11\/Buttons-1-150x150.png 150w, https:\/\/mogyi.com\/wp-content\/uploads\/2025\/11\/Buttons-1-12x12.png 12w, https:\/\/mogyi.com\/wp-content\/uploads\/2025\/11\/Buttons-1-100x100.png 100w\" sizes=\"auto, (max-width: 224px) 100vw, 224px\" \/>\t\t\t\t\t\t\t\t<\/a>\n\t\t\t\t\t\t\t\t\t\t\t\t\t\t\t<\/div>\n\t\t\t\t<\/div>\n\t\t<div class=\"elementor-element elementor-element-8a69e19 e-con-full e-flex e-con e-child\" data-id=\"8a69e19\" data-element_type=\"container\">\n\t\t\t\t<div class=\"elementor-element elementor-element-dd5da26 elementor-widget elementor-widget-image\" data-id=\"dd5da26\" data-element_type=\"widget\" data-widget_type=\"image.default\">\n\t\t\t\t\t\t\t\t\t\t\t\t\t\t\t\t<a href=\"#elementor-action%3Aaction%3Dpopup%3Aopen%26settings%3DeyJpZCI6IjEwMTUiLCJ0b2dnbGUiOmZhbHNlfQ%3D%3D\">\n\t\t\t\t\t\t\t<img loading=\"lazy\" decoding=\"async\" width=\"112\" height=\"112\" src=\"https:\/\/mogyi.com\/wp-content\/uploads\/2025\/11\/play-circle-1.png\" class=\"attachment-large size-large wp-image-492\" alt=\"\" srcset=\"https:\/\/mogyi.com\/wp-content\/uploads\/2025\/11\/play-circle-1.png 112w, https:\/\/mogyi.com\/wp-content\/uploads\/2025\/11\/play-circle-1-12x12.png 12w, https:\/\/mogyi.com\/wp-content\/uploads\/2025\/11\/play-circle-1-100x100.png 100w\" sizes=\"auto, (max-width: 112px) 100vw, 112px\" \/>\t\t\t\t\t\t\t\t<\/a>\n\t\t\t\t\t\t\t\t\t\t\t\t\t\t\t<\/div>\n\t\t\t\t<div class=\"elementor-element elementor-element-a7b4d3e elementor-widget-mobile__width-initial elementor-widget elementor-widget-heading\" data-id=\"a7b4d3e\" data-element_type=\"widget\" data-widget_type=\"heading.default\">\n\t\t\t\t\t<h2 class=\"elementor-heading-title elementor-size-default\">m\u00e4ngima<\/h2>\t\t\t\t<\/div>\n\t\t\t\t<\/div>\n\t\t\t\t<\/div>\n\t\t\t\t<\/div>\n\t\t<div class=\"elementor-element elementor-element-f1baebc e-flex e-con-boxed e-con e-parent\" data-id=\"f1baebc\" data-element_type=\"container\" data-settings=\"{&quot;background_background&quot;:&quot;classic&quot;}\">\n\t\t\t\t\t<div class=\"e-con-inner\">\n\t\t\t\t<div class=\"elementor-element elementor-element-3fdc40c elementor-widget elementor-widget-spacer\" data-id=\"3fdc40c\" data-element_type=\"widget\" data-widget_type=\"spacer.default\">\n\t\t\t\t\t\t\t<div class=\"elementor-spacer\">\n\t\t\t<div class=\"elementor-spacer-inner\"><\/div>\n\t\t<\/div>\n\t\t\t\t\t\t<\/div>\n\t\t\t\t\t<\/div>\n\t\t\t\t<\/div>\n\t\t<div class=\"elementor-element elementor-element-9161485 e-flex e-con-boxed e-con e-parent\" data-id=\"9161485\" data-element_type=\"container\" id=\"aktualitas\">\n\t\t\t\t\t<div class=\"e-con-inner\">\n\t\t\t\t<div class=\"elementor-element elementor-element-ed4ad26 elementor-widget elementor-widget-heading\" data-id=\"ed4ad26\" data-element_type=\"widget\" data-widget_type=\"heading.default\">\n\t\t\t\t\t<h2 class=\"elementor-heading-title elementor-size-default\">Uudised<\/h2>\t\t\t\t<\/div>\n\t\t\t\t<div class=\"elementor-element elementor-element-9f38607 elementor-widget elementor-widget-shortcode\" data-id=\"9f38607\" data-element_type=\"widget\" data-widget_type=\"shortcode.default\">\n\t\t\t\t\t\t\t<div class=\"elementor-shortcode\"><style>#aktualitas{display:none !important;}<\/style><\/div>\n\t\t\t\t\t\t<\/div>\n\t\t\t\t\t<\/div>\n\t\t\t\t<\/div>\n\t\t<div class=\"elementor-element elementor-element-fa29698 e-flex e-con-boxed e-con e-parent\" data-id=\"fa29698\" data-element_type=\"container\">\n\t\t\t\t\t<div class=\"e-con-inner\">\n\t\t\t\t<div class=\"elementor-element elementor-element-bb932d1 elementor-widget elementor-widget-heading\" data-id=\"bb932d1\" data-element_type=\"widget\" data-widget_type=\"heading.default\">\n\t\t\t\t\t<h1 class=\"elementor-heading-title elementor-size-default\">Tutvuge Mogyiga!<\/h1>\t\t\t\t<\/div>\n\t\t\t\t<div class=\"elementor-element elementor-element-ee5c224 elementor-widget elementor-widget-heading\" data-id=\"ee5c224\" data-element_type=\"widget\" data-widget_type=\"heading.default\">\n\t\t\t\t\t<h3 class=\"elementor-heading-title elementor-size-default\">Meie arengu ajalugu l\u00fchidalt.<\/h3>\t\t\t\t<\/div>\n\t\t\t\t<div class=\"elementor-element elementor-element-7a571f3 elementor-widget elementor-widget-image\" data-id=\"7a571f3\" data-element_type=\"widget\" data-widget_type=\"image.default\">\n\t\t\t\t\t\t\t\t\t\t\t\t\t\t\t<img loading=\"lazy\" decoding=\"async\" width=\"800\" height=\"209\" src=\"https:\/\/mogyi.com\/wp-content\/uploads\/2025\/12\/Gemini_Generated_Image_jct6d5jct6d5jct6-copy-1-1536x402-sharpen-1024x268.webp\" class=\"attachment-large size-large wp-image-1443\" alt=\"\" srcset=\"https:\/\/mogyi.com\/wp-content\/uploads\/2025\/12\/Gemini_Generated_Image_jct6d5jct6d5jct6-copy-1-1536x402-sharpen-1024x268.webp 1024w, https:\/\/mogyi.com\/wp-content\/uploads\/2025\/12\/Gemini_Generated_Image_jct6d5jct6d5jct6-copy-1-1536x402-sharpen-300x79.webp 300w, https:\/\/mogyi.com\/wp-content\/uploads\/2025\/12\/Gemini_Generated_Image_jct6d5jct6d5jct6-copy-1-1536x402-sharpen-768x201.webp 768w, https:\/\/mogyi.com\/wp-content\/uploads\/2025\/12\/Gemini_Generated_Image_jct6d5jct6d5jct6-copy-1-1536x402-sharpen-18x5.webp 18w, https:\/\/mogyi.com\/wp-content\/uploads\/2025\/12\/Gemini_Generated_Image_jct6d5jct6d5jct6-copy-1-1536x402-sharpen-600x157.webp 600w, https:\/\/mogyi.com\/wp-content\/uploads\/2025\/12\/Gemini_Generated_Image_jct6d5jct6d5jct6-copy-1-1536x402-sharpen.webp 1536w\" sizes=\"auto, (max-width: 800px) 100vw, 800px\" \/>\t\t\t\t\t\t\t\t\t\t\t\t\t\t\t<\/div>\n\t\t\t\t<div class=\"elementor-element elementor-element-8f65dcc elementor-align-center elementor-widget elementor-widget-button\" data-id=\"8f65dcc\" data-element_type=\"widget\" data-widget_type=\"button.default\">\n\t\t\t\t\t\t\t\t\t\t<a class=\"elementor-button elementor-button-link elementor-size-sm\" href=\"\/ee\/meist\/\">\n\t\t\t\t\t\t<span class=\"elementor-button-content-wrapper\">\n\t\t\t\t\t\t\t\t\t<span class=\"elementor-button-text\">J\u00e4tka<\/span>\n\t\t\t\t\t<\/span>\n\t\t\t\t\t<\/a>\n\t\t\t\t\t\t\t\t<\/div>\n\t\t\t\t\t<\/div>\n\t\t\t\t<\/div>\n\t\t<div class=\"elementor-element elementor-element-1df1f79 elementor-hidden-desktop elementor-hidden-tablet e-flex e-con-boxed e-con e-parent\" data-id=\"1df1f79\" data-element_type=\"container\">\n\t\t\t\t\t<div class=\"e-con-inner\">\n\t\t\t\t<div class=\"elementor-element elementor-element-c28623c elementor-widget elementor-widget-image\" data-id=\"c28623c\" data-element_type=\"widget\" id=\"swaphu\" data-widget_type=\"image.default\">\n\t\t\t\t\t\t\t\t\t\t\t\t\t\t\t<img loading=\"lazy\" decoding=\"async\" width=\"800\" height=\"259\" src=\"https:\/\/mogyi.com\/wp-content\/uploads\/2025\/11\/Rectangle-2083-1024x331.jpg\" class=\"attachment-large size-large wp-image-1117\" alt=\"\" srcset=\"https:\/\/mogyi.com\/wp-content\/uploads\/2025\/11\/Rectangle-2083-1024x331.jpg 1024w, https:\/\/mogyi.com\/wp-content\/uploads\/2025\/11\/Rectangle-2083-300x97.jpg 300w, https:\/\/mogyi.com\/wp-content\/uploads\/2025\/11\/Rectangle-2083-768x248.jpg 768w, https:\/\/mogyi.com\/wp-content\/uploads\/2025\/11\/Rectangle-2083-1536x496.jpg 1536w, https:\/\/mogyi.com\/wp-content\/uploads\/2025\/11\/Rectangle-2083-2048x662.jpg 2048w, https:\/\/mogyi.com\/wp-content\/uploads\/2025\/11\/Rectangle-2083-18x6.jpg 18w, https:\/\/mogyi.com\/wp-content\/uploads\/2025\/11\/Rectangle-2083-600x194.jpg 600w\" sizes=\"auto, (max-width: 800px) 100vw, 800px\" \/>\t\t\t\t\t\t\t\t\t\t\t\t\t\t\t<\/div>\n\t\t\t\t<div class=\"elementor-element elementor-element-1fc9344 elementor-widget elementor-widget-image\" data-id=\"1fc9344\" data-element_type=\"widget\" id=\"swapen\" data-widget_type=\"image.default\">\n\t\t\t\t\t\t\t\t\t\t\t\t\t\t\t<img loading=\"lazy\" decoding=\"async\" width=\"800\" height=\"259\" src=\"https:\/\/mogyi.com\/wp-content\/uploads\/2025\/12\/Foodal-osszes-termek-BG-image-EN-1-1024x331.webp\" class=\"attachment-large size-large wp-image-1342\" alt=\"\" srcset=\"https:\/\/mogyi.com\/wp-content\/uploads\/2025\/12\/Foodal-osszes-termek-BG-image-EN-1-1024x331.webp 1024w, https:\/\/mogyi.com\/wp-content\/uploads\/2025\/12\/Foodal-osszes-termek-BG-image-EN-1-300x97.webp 300w, https:\/\/mogyi.com\/wp-content\/uploads\/2025\/12\/Foodal-osszes-termek-BG-image-EN-1-768x248.webp 768w, https:\/\/mogyi.com\/wp-content\/uploads\/2025\/12\/Foodal-osszes-termek-BG-image-EN-1-1536x497.webp 1536w, https:\/\/mogyi.com\/wp-content\/uploads\/2025\/12\/Foodal-osszes-termek-BG-image-EN-1-2048x662.webp 2048w, https:\/\/mogyi.com\/wp-content\/uploads\/2025\/12\/Foodal-osszes-termek-BG-image-EN-1-18x6.webp 18w, https:\/\/mogyi.com\/wp-content\/uploads\/2025\/12\/Foodal-osszes-termek-BG-image-EN-1-600x194.webp 600w\" sizes=\"auto, (max-width: 800px) 100vw, 800px\" \/>\t\t\t\t\t\t\t\t\t\t\t\t\t\t\t<\/div>\n\t\t\t\t<div class=\"elementor-element elementor-element-65e2f88 elementor-widget elementor-widget-image\" data-id=\"65e2f88\" data-element_type=\"widget\" id=\"swapro\" data-widget_type=\"image.default\">\n\t\t\t\t\t\t\t\t\t\t\t\t\t\t\t<img loading=\"lazy\" decoding=\"async\" width=\"800\" height=\"259\" src=\"https:\/\/mogyi.com\/wp-content\/uploads\/2025\/11\/Rectangle-2083-1024x331.jpg\" class=\"attachment-large size-large wp-image-1117\" alt=\"\" srcset=\"https:\/\/mogyi.com\/wp-content\/uploads\/2025\/11\/Rectangle-2083-1024x331.jpg 1024w, https:\/\/mogyi.com\/wp-content\/uploads\/2025\/11\/Rectangle-2083-300x97.jpg 300w, https:\/\/mogyi.com\/wp-content\/uploads\/2025\/11\/Rectangle-2083-768x248.jpg 768w, https:\/\/mogyi.com\/wp-content\/uploads\/2025\/11\/Rectangle-2083-1536x496.jpg 1536w, https:\/\/mogyi.com\/wp-content\/uploads\/2025\/11\/Rectangle-2083-2048x662.jpg 2048w, https:\/\/mogyi.com\/wp-content\/uploads\/2025\/11\/Rectangle-2083-18x6.jpg 18w, https:\/\/mogyi.com\/wp-content\/uploads\/2025\/11\/Rectangle-2083-600x194.jpg 600w\" sizes=\"auto, (max-width: 800px) 100vw, 800px\" \/>\t\t\t\t\t\t\t\t\t\t\t\t\t\t\t<\/div>\n\t\t\t\t\t<\/div>\n\t\t\t\t<\/div>\n\t\t<div class=\"elementor-element elementor-element-905a2cf e-flex e-con-boxed e-con e-parent\" data-id=\"905a2cf\" data-element_type=\"container\" data-settings=\"{&quot;background_background&quot;:&quot;classic&quot;}\">\n\t\t\t\t\t<div class=\"e-con-inner\">\n\t\t<div class=\"elementor-element elementor-element-306fa53 e-con-full e-flex e-con e-child\" data-id=\"306fa53\" data-element_type=\"container\" data-settings=\"{&quot;background_background&quot;:&quot;classic&quot;}\">\n\t\t\t\t<div class=\"elementor-element elementor-element-a6c8520 elementor-widget elementor-widget-heading\" data-id=\"a6c8520\" data-element_type=\"widget\" data-widget_type=\"heading.default\">\n\t\t\t\t\t<h2 class=\"elementor-heading-title elementor-size-default\"><a href=\"\/ee\/tooted\/\">Vaata k\u00f5iki tooteid<\/a><\/h2>\t\t\t\t<\/div>\n\t\t\t\t<div class=\"elementor-element elementor-element-82a6872 elementor-widget elementor-widget-text-editor\" data-id=\"82a6872\" data-element_type=\"widget\" data-widget_type=\"text-editor.default\">\n\t\t\t\t\t\t\t\t\tVaata, kui palju erinevaid tooteid saad kasutada, et muuta oma koosviibimised p\u00f5nevamaks.\t\t\t\t\t\t\t\t<\/div>\n\t\t\t\t<div class=\"elementor-element elementor-element-49cd3eb elementor-widget elementor-widget-button\" data-id=\"49cd3eb\" data-element_type=\"widget\" data-widget_type=\"button.default\">\n\t\t\t\t\t\t\t\t\t\t<a class=\"elementor-button elementor-button-link elementor-size-sm\" href=\"\/ee\/tooted\/\">\n\t\t\t\t\t\t<span class=\"elementor-button-content-wrapper\">\n\t\t\t\t\t\t\t\t\t<span class=\"elementor-button-text\">Vaata k\u00f5iki tooteid<\/span>\n\t\t\t\t\t<\/span>\n\t\t\t\t\t<\/a>\n\t\t\t\t\t\t\t\t<\/div>\n\t\t\t\t<\/div>\n\t\t<div class=\"elementor-element elementor-element-bb1faef e-con-full elementor-hidden-mobile e-flex e-con e-child\" data-id=\"bb1faef\" data-element_type=\"container\">\n\t\t\t\t<\/div>\n\t\t\t\t\t<\/div>\n\t\t\t\t<\/div>\n\t\t<div class=\"elementor-element elementor-element-c8cc9be e-flex e-con-boxed e-con e-parent\" data-id=\"c8cc9be\" data-element_type=\"container\" id=\"dolgozz-velunk\">\n\t\t\t\t\t<div class=\"e-con-inner\">\n\t\t<div class=\"elementor-element elementor-element-3824ae3 e-con-full e-flex e-con e-child\" data-id=\"3824ae3\" data-element_type=\"container\">\n\t\t\t\t<div class=\"elementor-element elementor-element-3824db4 elementor-widget elementor-widget-image\" data-id=\"3824db4\" data-element_type=\"widget\" data-widget_type=\"image.default\">\n\t\t\t\t\t\t\t\t\t\t\t\t\t\t\t<img loading=\"lazy\" decoding=\"async\" width=\"768\" height=\"491\" src=\"https:\/\/mogyi.com\/wp-content\/uploads\/2025\/12\/mo-terkep-768x491-1.webp\" class=\"attachment-large size-large wp-image-1396\" alt=\"\" srcset=\"https:\/\/mogyi.com\/wp-content\/uploads\/2025\/12\/mo-terkep-768x491-1.webp 768w, https:\/\/mogyi.com\/wp-content\/uploads\/2025\/12\/mo-terkep-768x491-1-300x192.webp 300w, https:\/\/mogyi.com\/wp-content\/uploads\/2025\/12\/mo-terkep-768x491-1-18x12.webp 18w, https:\/\/mogyi.com\/wp-content\/uploads\/2025\/12\/mo-terkep-768x491-1-600x384.webp 600w\" sizes=\"auto, (max-width: 768px) 100vw, 768px\" \/>\t\t\t\t\t\t\t\t\t\t\t\t\t\t\t<\/div>\n\t\t\t\t<\/div>\n\t\t<div class=\"elementor-element elementor-element-f2f39ee e-con-full e-flex e-con e-child\" data-id=\"f2f39ee\" data-element_type=\"container\">\n\t\t\t\t<div class=\"elementor-element elementor-element-57e69aa elementor-widget elementor-widget-heading\" data-id=\"57e69aa\" data-element_type=\"widget\" data-widget_type=\"heading.default\">\n\t\t\t\t\t<h2 class=\"elementor-heading-title elementor-size-default\">T\u00f6\u00f6ta koos meiega!<\/h2>\t\t\t\t<\/div>\n\t\t\t\t<div class=\"elementor-element elementor-element-cd676cf elementor-widget elementor-widget-text-editor\" data-id=\"cd676cf\" data-element_type=\"widget\" data-widget_type=\"text-editor.default\">\n\t\t\t\t\t\t\t\t\t<span>Meie tegevuskohad ja jaotuskeskused asuvad \u00fcle kogu riigi.<\/span><br>\n<br>\n\nMeie praeguste vabade t\u00f6\u00f6kohtade v\u00f5i lisateabe saamiseks k\u00fclastage palun meie karj\u00e4\u00e4ri alamlehte.\t\t\t\t\t\t\t\t<\/div>\n\t\t\t\t<div class=\"elementor-element elementor-element-a85a300 elementor-align-left elementor-widget elementor-widget-button\" data-id=\"a85a300\" data-element_type=\"widget\" data-widget_type=\"button.default\">\n\t\t\t\t\t\t\t\t\t\t<a class=\"elementor-button elementor-button-link elementor-size-sm\" href=\"https:\/\/karrier.mogyi.hu\/\">\n\t\t\t\t\t\t<span class=\"elementor-button-content-wrapper\">\n\t\t\t\t\t\t\t\t\t<span class=\"elementor-button-text\">Loe edasi<\/span>\n\t\t\t\t\t<\/span>\n\t\t\t\t\t<\/a>\n\t\t\t\t\t\t\t\t<\/div>\n\t\t\t\t<\/div>\n\t\t\t\t\t<\/div>\n\t\t\t\t<\/div>\n\t\t\t\t<\/div>","protected":false},"excerpt":{"rendered":"<p>m\u00e4ngi m\u00e4ngi Uudised Tutvuge Mogyiga! Meie arengu l\u00fchike ajalugu. J\u00e4tka Vaata k\u00f5iki tooteid Vaadake, kui palju erinevaid tooteid saate kasutada, et muuta oma koosviibimised p\u00f5nevamaks. Vaata k\u00f5iki tooteid T\u00f6\u00f6ta meiega! Meie tehased ja jaotuskeskused asuvad \u00fcle kogu riigi. Praeguste vabade t\u00f6\u00f6kohtade ja lisateabe saamiseks k\u00fclasta meie karj\u00e4\u00e4ri alamlehte. Rohkem<\/p>","protected":false},"author":1,"featured_media":0,"parent":0,"menu_order":0,"comment_status":"closed","ping_status":"closed","template":"","meta":{"footnotes":""},"class_list":["post-456","page","type-page","status-publish","hentry"],"_links":{"self":[{"href":"https:\/\/mogyi.com\/ee\/wp-json\/wp\/v2\/pages\/456","targetHints":{"allow":["GET"]}}],"collection":[{"href":"https:\/\/mogyi.com\/ee\/wp-json\/wp\/v2\/pages"}],"about":[{"href":"https:\/\/mogyi.com\/ee\/wp-json\/wp\/v2\/types\/page"}],"author":[{"embeddable":true,"href":"https:\/\/mogyi.com\/ee\/wp-json\/wp\/v2\/users\/1"}],"replies":[{"embeddable":true,"href":"https:\/\/mogyi.com\/ee\/wp-json\/wp\/v2\/comments?post=456"}],"version-history":[{"count":176,"href":"https:\/\/mogyi.com\/ee\/wp-json\/wp\/v2\/pages\/456\/revisions"}],"predecessor-version":[{"id":1829,"href":"https:\/\/mogyi.com\/ee\/wp-json\/wp\/v2\/pages\/456\/revisions\/1829"}],"wp:attachment":[{"href":"https:\/\/mogyi.com\/ee\/wp-json\/wp\/v2\/media?parent=456"}],"curies":[{"name":"wp","href":"https:\/\/api.w.org\/{rel}","templated":true}]}}