{"id":400,"date":"2025-11-20T10:54:55","date_gmt":"2025-11-20T09:54:55","guid":{"rendered":"https:\/\/mogyi.com\/?page_id=400"},"modified":"2026-01-16T14:38:03","modified_gmt":"2026-01-16T13:38:03","slug":"rysys","status":"publish","type":"page","link":"https:\/\/mogyi.com\/lt\/rysys\/","title":{"rendered":"Kontaktai"},"content":{"rendered":"<div data-elementor-type=\"wp-page\" data-elementor-id=\"400\" class=\"elementor elementor-400\" data-elementor-post-type=\"page\">\n\t\t\t\t<div class=\"elementor-element elementor-element-e6e2246 e-flex e-con-boxed e-con e-parent\" data-id=\"e6e2246\" data-element_type=\"container\">\n\t\t\t\t\t<div class=\"e-con-inner\">\n\t\t<div class=\"elementor-element elementor-element-1a4a1c4 e-con-full e-flex e-con e-child\" data-id=\"1a4a1c4\" data-element_type=\"container\" data-settings=\"{&quot;background_background&quot;:&quot;classic&quot;}\">\n\t\t\t\t<div class=\"elementor-element elementor-element-e264063 elementor-widget elementor-widget-heading\" data-id=\"e264063\" data-element_type=\"widget\" data-widget_type=\"heading.default\">\n\t\t\t\t\t<h1 class=\"elementor-heading-title elementor-size-default\">Kontaktai<\/h1>\t\t\t\t<\/div>\n\t\t\t\t<div class=\"elementor-element elementor-element-d0b1785 elementor-hidden-mobile elementor-widget elementor-widget-image\" data-id=\"d0b1785\" data-element_type=\"widget\" data-widget_type=\"image.default\">\n\t\t\t\t\t\t\t\t\t\t\t\t\t\t\t<img loading=\"lazy\" decoding=\"async\" width=\"800\" height=\"48\" src=\"https:\/\/mogyi.com\/wp-content\/uploads\/2025\/11\/Group-19-1024x62.png\" class=\"attachment-large size-large wp-image-169\" alt=\"\" srcset=\"https:\/\/mogyi.com\/wp-content\/uploads\/2025\/11\/Group-19-1024x62.png 1024w, https:\/\/mogyi.com\/wp-content\/uploads\/2025\/11\/Group-19-300x18.png 300w, https:\/\/mogyi.com\/wp-content\/uploads\/2025\/11\/Group-19-768x46.png 768w, https:\/\/mogyi.com\/wp-content\/uploads\/2025\/11\/Group-19-18x1.png 18w, https:\/\/mogyi.com\/wp-content\/uploads\/2025\/11\/Group-19-600x36.png 600w, https:\/\/mogyi.com\/wp-content\/uploads\/2025\/11\/Group-19.png 1076w\" sizes=\"auto, (max-width: 800px) 100vw, 800px\" \/>\t\t\t\t\t\t\t\t\t\t\t\t\t\t\t<\/div>\n\t\t\t\t<\/div>\n\t\t\t\t\t<\/div>\n\t\t\t\t<\/div>\n\t\t<div class=\"elementor-element elementor-element-5ae4757 e-flex e-con-boxed e-con e-parent\" data-id=\"5ae4757\" data-element_type=\"container\">\n\t\t\t\t\t<div class=\"e-con-inner\">\n\t\t\t\t<div class=\"elementor-element elementor-element-c869766 elementor-widget elementor-widget-shortcode\" data-id=\"c869766\" data-element_type=\"widget\" data-widget_type=\"shortcode.default\">\n\t\t\t\t\t\t\t<div class=\"elementor-shortcode\"><\/div>\n\t\t\t\t\t\t<\/div>\n\t\t\t\t\t<\/div>\n\t\t\t\t<\/div>\n\t\t<div class=\"elementor-element elementor-element-fd4f7ae e-flex e-con-boxed e-con e-parent\" data-id=\"fd4f7ae\" data-element_type=\"container\">\n\t\t\t\t\t<div class=\"e-con-inner\">\n\t\t<div class=\"elementor-element elementor-element-74c4384 e-con-full e-flex e-con e-child\" data-id=\"74c4384\" data-element_type=\"container\">\n\t\t\t\t<div class=\"elementor-element elementor-element-f770cc5 elementor-widget elementor-widget-shortcode\" data-id=\"f770cc5\" data-element_type=\"widget\" data-widget_type=\"shortcode.default\">\n\t\t\t\t\t\t\t<div class=\"elementor-shortcode\">        <div class=\"mogyi-contact-info\">\r\n            <h2 class=\"contact-info-title\">Susisiekite su<\/h2>\r\n            <p class=\"contact-info-description\">Jei turite komentar\u0173, klausim\u0173 ar pastab\u0173, kuriais nor\u0117tum\u0117te pasidalyti su \"Mogyi Ltd.\", si\u0173skite mums \u017einut\u0119 naudodami toliau pateikt\u0105 bendr\u0105j\u0105 kontaktin\u0119 informacij\u0105:<\/p>\r\n\r\n                            <div class=\"contact-info-item address\">\r\n                    <div class=\"info-label-row\">\r\n                        <span class=\"info-icon\">\r\n                            <img decoding=\"async\" src=\"https:\/\/mogyi.com\/wp-content\/plugins\/mogyi-contact\/assets\/img\/map-pin.png\" alt=\"\">\r\n                        <\/span>\r\n                        <span class=\"info-label\">Adresai:<\/span>\r\n                    <\/div>\r\n                    <div class=\"info-value\">UAB \"ATRONA\", Vand\u017eiogalos pl. 96, 47469 Kaunas<\/div>\r\n                <\/div>\r\n            \r\n                            <div class=\"contact-info-item phone\">\r\n                    <div class=\"info-label-row\">\r\n                        <span class=\"info-icon\">\r\n                            <img decoding=\"async\" src=\"https:\/\/mogyi.com\/wp-content\/plugins\/mogyi-contact\/assets\/img\/phone.png\" alt=\"\">\r\n                        <\/span>\r\n                        <span class=\"info-label\">Telefonu:<\/span>\r\n                    <\/div>\r\n                    <div class=\"info-value\">\r\n                                                    <a href=\"tel:+37037310508\">\r\n                                +370 37 310508                            <\/a><br>\r\n                                                    <a href=\"tel:+37069825446(Mob.tel.)\">\r\n                                +370 698 25446 (mobilusis telefonas)                            <\/a><br>\r\n                                            <\/div>\r\n                <\/div>\r\n            \r\n            \r\n                            <div class=\"contact-info-item email\">\r\n                    <div class=\"info-label-row\">\r\n                          <span class=\"info-icon\">\r\n                            <img decoding=\"async\" src=\"https:\/\/mogyi.com\/wp-content\/plugins\/mogyi-contact\/assets\/img\/mail.png\" alt=\"\">\r\n                          <\/span>\r\n                        <span class=\"info-label\">El. pa\u0161to adresas:<\/span>\r\n                    <\/div>\r\n                    <div class=\"info-value\">\r\n                                                    <a href=\"mailto:info@mogyi.lt\u00a0\">\r\n                                info@mogyi.lt\u00a0                            <\/a><br>\r\n                                            <\/div>\r\n                <\/div>\r\n                    <\/div>\r\n        <\/div>\n\t\t\t\t\t\t<\/div>\n\t\t\t\t<\/div>\n\t\t<div class=\"elementor-element elementor-element-995c81a e-con-full e-flex e-con e-child\" data-id=\"995c81a\" data-element_type=\"container\">\n\t\t\t\t<div class=\"elementor-element elementor-element-e56b486 elementor-widget elementor-widget-shortcode\" data-id=\"e56b486\" data-element_type=\"widget\" data-widget_type=\"shortcode.default\">\n\t\t\t\t\t\t\t<div class=\"elementor-shortcode\">        <div class=\"selected-topic-display\">\r\n          <p class=\"selected-topic-title\">Komentaras apie kokyb\u0119<\/p>\r\n\t\t<\/div>\r\n\r\n        <div class=\"mogyi-contact-form-wrapper\" data-has-topics=\"false\">\r\n         \r\n            <form id=\"mogyi-contact-form\" class=\"mogyi-contact-form\" enctype=\"multipart\/form-data\" action=\"\">\r\n                <input type=\"hidden\" id=\"mogyi_contact_nonce_field\" name=\"mogyi_contact_nonce_field\" value=\"1587b60f19\" \/><input type=\"hidden\" name=\"_wp_http_referer\" value=\"\/lt\/wp-json\/wp\/v2\/pages\/400\" \/>                <input type=\"hidden\" name=\"has_topics\" value=\"0\">\r\n                <input type=\"hidden\" name=\"topic\" id=\"mogyi-topic-field\" value=\"general\">\r\n\r\n                <!-- Name -->\r\n                <div class=\"form-group\">\r\n                    <label for=\"contact-name\">Vardas <span class=\"required\">*<\/span><\/label>\r\n                    <input type=\"text\"\r\n                           id=\"contact-name\"\r\n                           name=\"name\"\r\n                           placeholder=\"Vardas ir pavard\u0117\"\r\n                           required>\r\n                <\/div>\r\n\r\n                <!-- Company + Email row -->\r\n                <div class=\"form-row\">\r\n                    <div class=\"form-group\">\r\n                        <label for=\"contact-company\">\u012eMON\u0116<\/label>\r\n                        <input type=\"text\"\r\n                               id=\"contact-company\"\r\n                               name=\"company\"\r\n                               placeholder=\"Jei  yra \u012fmon\u0117s pavadinimas\">\r\n                    <\/div>\r\n\r\n                    <!-- Email -->\r\n                    <div class=\"form-group half\">\r\n                        <label for=\"contact-email\">El. Pa\u0161to adresas <span class=\"required\">*<\/span><\/label>\r\n                        <input type=\"email\"\r\n                               id=\"contact-email\"\r\n                               name=\"email\"\r\n                               placeholder=\"El. pa\u0161tas\"\r\n                               required>\r\n                    <\/div>\r\n                <\/div>\r\n\r\n                                <!-- Attachment (non-topic languages) -->\r\n                <div class=\"form-group\">\r\n                    <label for=\"contact-attachment\">PRIEDAS<\/label>\r\n                    <div class=\"file-upload-wrapper\">\r\n                        <input type=\"file\"\r\n                               id=\"contact-attachment\"\r\n                               name=\"attachment\"\r\n                               accept=\"image\/*,.pdf,.doc,.docx\">\r\n                        <span class=\"file-upload-text\">Priedo prid\u0117jimas...<\/span>\r\n                        <span class=\"input-icon plus-icon\">\r\n                            <img decoding=\"async\" src=\"https:\/\/mogyi.com\/wp-content\/plugins\/mogyi-contact\/assets\/img\/plus.png\" alt=\"\">\r\n                        <\/span>\r\n                    <\/div>\r\n                <\/div>\r\n                \r\n                \r\n                <!-- Message -->\r\n                <div class=\"form-group\">\r\n                    <label for=\"contact-message\">\u017dinut\u0117 <span class=\"required\">*<\/span><\/label>\r\n                    <textarea id=\"contact-message\"\r\n                              name=\"message\"\r\n                              rows=\"5\"\r\n                              placeholder=\"\u017dinut\u0117\"\r\n                              required><\/textarea>\r\n                <\/div>\r\n\r\n                <!-- GDPR Consent -->\r\n                <div class=\"form-group gdpr-consent\">\r\n                    <input type=\"checkbox\" id=\"gdpr-consent\" name=\"gdpr_consent\" required>\r\n                    <label class=\"checkbox-label\" for=\"gdpr-consent\">\r\n                        <span class=\"checkbox-text\">Patvirtinu, kad susipa\u017einau su \u201eMogyi Ltd.\u201c <a href=\"https:\/\/mogyi.com\/pdf\/adatkezelesi_tajekozato_mogyi_lt.pdf\" target=\"_blank\">privatumo ir duomen\u0173 apsaugos nuostatais<\/a> ir sutinku, kad \u201eMogyi Ltd.\u201c tvarkyt\u0173 mano asmens duomenis pagal jame nurodytas s\u0105lygas.<\/span>\r\n                    <\/label>\r\n                <\/div>\r\n\r\n                                    <!-- reCAPTCHA notice -->\r\n                    <p class=\"recaptcha-notice\">\r\n                        \u0160is puslapis yra apsaugotas reCAPTCHA. \"Google\r\n                        <a href=\"https:\/\/policies.google.com\/privacy\" target=\"_blank\">Duomen\u0173 apsaugos politika<\/a> ir\r\n                        <a href=\"https:\/\/policies.google.com\/terms\" target=\"_blank\">Paslaug\u0173 teikimo s\u0105lygos<\/a> galioja.\r\n                    <\/p>\r\n                \r\n                <!-- Submit -->\r\n                <div class=\"form-group submit-group\">\r\n                    <button type=\"submit\" class=\"submit-button\">\r\n                        Si\u0173sti \u017einut\u0119                    <\/button>\r\n                <\/div>\r\n\r\n                <!-- Required fields note -->\r\n                <p class=\"required-note\"><span class=\"required\">*<\/span>\u017dvaig\u017edute pa\u017eym\u0117ti duomenys yra privalomi<\/p>\r\n\r\n                <!-- Hidden translation strings for JavaScript -->\r\n                <div style=\"display: none;\">\r\n                    <span id=\"toast-sending\">Si\u0173sti...<\/span>\r\n                    <span id=\"toast-success\">\u017dinut\u0117 i\u0161si\u0173sta!<\/span>\r\n                    <span id=\"toast-error\">Buvo padaryta klaida. Bandykite dar kart\u0105.<\/span>\r\n                <\/div>\r\n            <input type=\"hidden\" name=\"trp-form-language\" value=\"lt\"\/><\/form>\r\n        <\/div>\r\n        <\/div>\n\t\t\t\t\t\t<\/div>\n\t\t\t\t<\/div>\n\t\t\t\t\t<\/div>\n\t\t\t\t<\/div>\n\t\t\t\t<\/div>","protected":false},"excerpt":{"rendered":"<p>Kontaktai<\/p>","protected":false},"author":1,"featured_media":0,"parent":0,"menu_order":0,"comment_status":"closed","ping_status":"closed","template":"","meta":{"footnotes":""},"class_list":["post-400","page","type-page","status-publish","hentry"],"_links":{"self":[{"href":"https:\/\/mogyi.com\/lt\/wp-json\/wp\/v2\/pages\/400","targetHints":{"allow":["GET"]}}],"collection":[{"href":"https:\/\/mogyi.com\/lt\/wp-json\/wp\/v2\/pages"}],"about":[{"href":"https:\/\/mogyi.com\/lt\/wp-json\/wp\/v2\/types\/page"}],"author":[{"embeddable":true,"href":"https:\/\/mogyi.com\/lt\/wp-json\/wp\/v2\/users\/1"}],"replies":[{"embeddable":true,"href":"https:\/\/mogyi.com\/lt\/wp-json\/wp\/v2\/comments?post=400"}],"version-history":[{"count":22,"href":"https:\/\/mogyi.com\/lt\/wp-json\/wp\/v2\/pages\/400\/revisions"}],"predecessor-version":[{"id":1490,"href":"https:\/\/mogyi.com\/lt\/wp-json\/wp\/v2\/pages\/400\/revisions\/1490"}],"wp:attachment":[{"href":"https:\/\/mogyi.com\/lt\/wp-json\/wp\/v2\/media?parent=400"}],"curies":[{"name":"wp","href":"https:\/\/api.w.org\/{rel}","templated":true}]}}