{"id":642,"date":"2025-12-11T09:36:10","date_gmt":"2025-12-11T08:36:10","guid":{"rendered":"https:\/\/mogyi.com\/?post_type=product&#038;p=642"},"modified":"2026-04-02T15:16:22","modified_gmt":"2026-04-02T13:16:22","slug":"foldimogyoro-z-cebula-i-kwasna-smietana","status":"publish","type":"product","link":"https:\/\/mogyi.com\/pl\/produkt\/foldimogyoro-z-cebula-i-kwasna-smietana\/","title":{"rendered":"Orzeszki ziemne \u2013 Cebula z kwa\u015bn\u0105 \u015bmietan\u0105"},"content":{"rendered":"","protected":false},"excerpt":{"rendered":"","protected":false},"featured_media":0,"comment_status":"open","ping_status":"closed","template":"","meta":[],"product_brand":[],"product_cat":[25],"product_tag":[],"mogyi_taste":[63,64],"mogyi_benefits":[45,47,52,50,51],"mogyi_other_tags":[79],"class_list":{"0":"post-642","1":"product","2":"type-product","3":"status-publish","5":"product_cat-magvak","6":"mogyi_taste-izesitett","7":"mogyi_taste-olaj-nelkul-piritott","8":"mogyi_benefits-asvanyi-anyag-forras","9":"mogyi_benefits-feherje-forras","10":"mogyi_benefits-izfokozo-mentes","11":"mogyi_benefits-mesterseges-szinezek-mentes","12":"mogyi_benefits-vitaminforras","13":"mogyi_other_tags-ob-kampany","15":"first","16":"instock","17":"shipping-taxable","18":"product-type-simple"},"_links":{"self":[{"href":"https:\/\/mogyi.com\/pl\/wp-json\/wp\/v2\/product\/642","targetHints":{"allow":["GET"]}}],"collection":[{"href":"https:\/\/mogyi.com\/pl\/wp-json\/wp\/v2\/product"}],"about":[{"href":"https:\/\/mogyi.com\/pl\/wp-json\/wp\/v2\/types\/product"}],"replies":[{"embeddable":true,"href":"https:\/\/mogyi.com\/pl\/wp-json\/wp\/v2\/comments?post=642"}],"wp:attachment":[{"href":"https:\/\/mogyi.com\/pl\/wp-json\/wp\/v2\/media?parent=642"}],"wp:term":[{"taxonomy":"product_brand","embeddable":true,"href":"https:\/\/mogyi.com\/pl\/wp-json\/wp\/v2\/product_brand?post=642"},{"taxonomy":"product_cat","embeddable":true,"href":"https:\/\/mogyi.com\/pl\/wp-json\/wp\/v2\/product_cat?post=642"},{"taxonomy":"product_tag","embeddable":true,"href":"https:\/\/mogyi.com\/pl\/wp-json\/wp\/v2\/product_tag?post=642"},{"taxonomy":"mogyi_taste","embeddable":true,"href":"https:\/\/mogyi.com\/pl\/wp-json\/wp\/v2\/mogyi_taste?post=642"},{"taxonomy":"mogyi_benefits","embeddable":true,"href":"https:\/\/mogyi.com\/pl\/wp-json\/wp\/v2\/mogyi_benefits?post=642"},{"taxonomy":"mogyi_other_tags","embeddable":true,"href":"https:\/\/mogyi.com\/pl\/wp-json\/wp\/v2\/mogyi_other_tags?post=642"}],"curies":[{"name":"wp","href":"https:\/\/api.w.org\/{rel}","templated":true}]}}