{"id":400,"date":"2025-11-20T10:54:55","date_gmt":"2025-11-20T09:54:55","guid":{"rendered":"https:\/\/mogyi.com\/?page_id=400"},"modified":"2026-01-16T14:38:03","modified_gmt":"2026-01-16T13:38:03","slug":"conexiune","status":"publish","type":"page","link":"https:\/\/mogyi.com\/ro\/conexiune\/","title":{"rendered":"Contact"},"content":{"rendered":"<div data-elementor-type=\"wp-page\" data-elementor-id=\"400\" class=\"elementor elementor-400\" data-elementor-post-type=\"page\">\n\t\t\t\t<div class=\"elementor-element elementor-element-e6e2246 e-flex e-con-boxed e-con e-parent\" data-id=\"e6e2246\" data-element_type=\"container\">\n\t\t\t\t\t<div class=\"e-con-inner\">\n\t\t<div class=\"elementor-element elementor-element-1a4a1c4 e-con-full e-flex e-con e-child\" data-id=\"1a4a1c4\" data-element_type=\"container\" data-settings=\"{&quot;background_background&quot;:&quot;classic&quot;}\">\n\t\t\t\t<div class=\"elementor-element elementor-element-e264063 elementor-widget elementor-widget-heading\" data-id=\"e264063\" data-element_type=\"widget\" data-widget_type=\"heading.default\">\n\t\t\t\t\t<h1 class=\"elementor-heading-title elementor-size-default\">Contact<\/h1>\t\t\t\t<\/div>\n\t\t\t\t<div class=\"elementor-element elementor-element-d0b1785 elementor-hidden-mobile elementor-widget elementor-widget-image\" data-id=\"d0b1785\" data-element_type=\"widget\" data-widget_type=\"image.default\">\n\t\t\t\t\t\t\t\t\t\t\t\t\t\t\t<img loading=\"lazy\" decoding=\"async\" width=\"800\" height=\"48\" src=\"https:\/\/mogyi.com\/wp-content\/uploads\/2025\/11\/Group-19-1024x62.png\" class=\"attachment-large size-large wp-image-169\" alt=\"\" srcset=\"https:\/\/mogyi.com\/wp-content\/uploads\/2025\/11\/Group-19-1024x62.png 1024w, https:\/\/mogyi.com\/wp-content\/uploads\/2025\/11\/Group-19-300x18.png 300w, https:\/\/mogyi.com\/wp-content\/uploads\/2025\/11\/Group-19-768x46.png 768w, https:\/\/mogyi.com\/wp-content\/uploads\/2025\/11\/Group-19-18x1.png 18w, https:\/\/mogyi.com\/wp-content\/uploads\/2025\/11\/Group-19-600x36.png 600w, https:\/\/mogyi.com\/wp-content\/uploads\/2025\/11\/Group-19.png 1076w\" sizes=\"auto, (max-width: 800px) 100vw, 800px\" \/>\t\t\t\t\t\t\t\t\t\t\t\t\t\t\t<\/div>\n\t\t\t\t<\/div>\n\t\t\t\t\t<\/div>\n\t\t\t\t<\/div>\n\t\t<div class=\"elementor-element elementor-element-5ae4757 e-flex e-con-boxed e-con e-parent\" data-id=\"5ae4757\" data-element_type=\"container\">\n\t\t\t\t\t<div class=\"e-con-inner\">\n\t\t\t\t<div class=\"elementor-element elementor-element-c869766 elementor-widget elementor-widget-shortcode\" data-id=\"c869766\" data-element_type=\"widget\" data-widget_type=\"shortcode.default\">\n\t\t\t\t\t\t\t<div class=\"elementor-shortcode\"><\/div>\n\t\t\t\t\t\t<\/div>\n\t\t\t\t\t<\/div>\n\t\t\t\t<\/div>\n\t\t<div class=\"elementor-element elementor-element-fd4f7ae e-flex e-con-boxed e-con e-parent\" data-id=\"fd4f7ae\" data-element_type=\"container\">\n\t\t\t\t\t<div class=\"e-con-inner\">\n\t\t<div class=\"elementor-element elementor-element-74c4384 e-con-full e-flex e-con e-child\" data-id=\"74c4384\" data-element_type=\"container\">\n\t\t\t\t<div class=\"elementor-element elementor-element-f770cc5 elementor-widget elementor-widget-shortcode\" data-id=\"f770cc5\" data-element_type=\"widget\" data-widget_type=\"shortcode.default\">\n\t\t\t\t\t\t\t<div class=\"elementor-shortcode\">        <div class=\"mogyi-contact-info\">\r\n            <h2 class=\"contact-info-title\">Mogyi Romania<\/h2>\r\n            <p class=\"contact-info-description\">Dac\u0103 ave\u021bi comentarii, \u00eentreb\u0103ri sau nel\u0103muriri pe care dori\u021bi s\u0103 le \u00eemp\u0103rt\u0103\u0219i\u021bi cu MOGYI ROM\u00c2NIA, v\u0103 rug\u0103m s\u0103 ne contacta\u021bi folosind informa\u021biile generale de contact de mai jos:<\/p>\r\n\r\n                            <div class=\"contact-info-item address\">\r\n                    <div class=\"info-label-row\">\r\n                        <span class=\"info-icon\">\r\n                            <img decoding=\"async\" src=\"https:\/\/mogyi.com\/wp-content\/plugins\/mogyi-contact\/assets\/img\/map-pin.png\" alt=\"\">\r\n                        <\/span>\r\n                        <span class=\"info-label\">Adresa po\u0219tal\u0103:<\/span>\r\n                    <\/div>\r\n                    <div class=\"info-value\">Mogyi Romania S.R.L Str. Sintuhalm, nr. 31A 330004 Deva jud. Hunedoara <\/div>\r\n                <\/div>\r\n            \r\n                            <div class=\"contact-info-item phone\">\r\n                    <div class=\"info-label-row\">\r\n                        <span class=\"info-icon\">\r\n                            <img decoding=\"async\" src=\"https:\/\/mogyi.com\/wp-content\/plugins\/mogyi-contact\/assets\/img\/phone.png\" alt=\"\">\r\n                        <\/span>\r\n                        <span class=\"info-label\">Telefon:<\/span>\r\n                    <\/div>\r\n                    <div class=\"info-value\">\r\n                                                    <a href=\"tel:+40354410190\">\r\n                                +40 354 410 190                            <\/a><br>\r\n                                                    <a href=\"tel:+40725002901\">\r\n                                +40 725 002 901                            <\/a><br>\r\n                                            <\/div>\r\n                <\/div>\r\n            \r\n            \r\n                            <div class=\"contact-info-item email\">\r\n                    <div class=\"info-label-row\">\r\n                          <span class=\"info-icon\">\r\n                            <img decoding=\"async\" src=\"https:\/\/mogyi.com\/wp-content\/plugins\/mogyi-contact\/assets\/img\/mail.png\" alt=\"\">\r\n                          <\/span>\r\n                        <span class=\"info-label\">E-mail:<\/span>\r\n                    <\/div>\r\n                    <div class=\"info-value\">\r\n                                                    <a href=\"mailto:consumator@mogyi.ro\">\r\n                                consumator@mogyi.ro                            <\/a><br>\r\n                                                    <a href=\"mailto:secretariat@mogyi.ro\">\r\n                                secretariat@mogyi.ro                            <\/a><br>\r\n                                            <\/div>\r\n                <\/div>\r\n                    <\/div>\r\n        <\/div>\n\t\t\t\t\t\t<\/div>\n\t\t\t\t<\/div>\n\t\t<div class=\"elementor-element elementor-element-995c81a e-con-full e-flex e-con e-child\" data-id=\"995c81a\" data-element_type=\"container\">\n\t\t\t\t<div class=\"elementor-element elementor-element-e56b486 elementor-widget elementor-widget-shortcode\" data-id=\"e56b486\" data-element_type=\"widget\" data-widget_type=\"shortcode.default\">\n\t\t\t\t\t\t\t<div class=\"elementor-shortcode\">        <div class=\"selected-topic-display\">\r\n          <p class=\"selected-topic-title\">Comentariu privind calitatea<\/p>\r\n\t\t<\/div>\r\n\r\n        <div class=\"mogyi-contact-form-wrapper\" data-has-topics=\"false\">\r\n         \r\n            <form id=\"mogyi-contact-form\" class=\"mogyi-contact-form\" enctype=\"multipart\/form-data\" action=\"\">\r\n                <input type=\"hidden\" id=\"mogyi_contact_nonce_field\" name=\"mogyi_contact_nonce_field\" value=\"1587b60f19\" \/><input type=\"hidden\" name=\"_wp_http_referer\" value=\"\/ro\/wp-json\/wp\/v2\/pages\/400\" \/>                <input type=\"hidden\" name=\"has_topics\" value=\"0\">\r\n                <input type=\"hidden\" name=\"topic\" id=\"mogyi-topic-field\" value=\"general\">\r\n\r\n                <!-- Name -->\r\n                <div class=\"form-group\">\r\n                    <label for=\"contact-name\">NUME <span class=\"required\">*<\/span><\/label>\r\n                    <input type=\"text\"\r\n                           id=\"contact-name\"\r\n                           name=\"name\"\r\n                           placeholder=\"Nume \u0219i prenume\"\r\n                           required>\r\n                <\/div>\r\n\r\n                <!-- Company + Email row -->\r\n                <div class=\"form-row\">\r\n                    <div class=\"form-group\">\r\n                        <label for=\"contact-company\">COMPANIE<\/label>\r\n                        <input type=\"text\"\r\n                               id=\"contact-company\"\r\n                               name=\"company\"\r\n                               placeholder=\"Dac\u0103 exist\u0103 un nume de societate\">\r\n                    <\/div>\r\n\r\n                    <!-- Email -->\r\n                    <div class=\"form-group half\">\r\n                        <label for=\"contact-email\">E-MAIL <span class=\"required\">*<\/span><\/label>\r\n                        <input type=\"email\"\r\n                               id=\"contact-email\"\r\n                               name=\"email\"\r\n                               placeholder=\"Adresa de e-mail\"\r\n                               required>\r\n                    <\/div>\r\n                <\/div>\r\n\r\n                                <!-- Attachment (non-topic languages) -->\r\n                <div class=\"form-group\">\r\n                    <label for=\"contact-attachment\">Atasare document<\/label>\r\n                    <div class=\"file-upload-wrapper\">\r\n                        <input type=\"file\"\r\n                               id=\"contact-attachment\"\r\n                               name=\"attachment\"\r\n                               accept=\"image\/*,.pdf,.doc,.docx\">\r\n                        <span class=\"file-upload-text\">Ata\u0219area unei anexe...<\/span>\r\n                        <span class=\"input-icon plus-icon\">\r\n                            <img decoding=\"async\" src=\"https:\/\/mogyi.com\/wp-content\/plugins\/mogyi-contact\/assets\/img\/plus.png\" alt=\"\">\r\n                        <\/span>\r\n                    <\/div>\r\n                <\/div>\r\n                \r\n                \r\n                <!-- Message -->\r\n                <div class=\"form-group\">\r\n                    <label for=\"contact-message\">Mesaj <span class=\"required\">*<\/span><\/label>\r\n                    <textarea id=\"contact-message\"\r\n                              name=\"message\"\r\n                              rows=\"5\"\r\n                              placeholder=\"Mesaj c\u0103tre\"\r\n                              required><\/textarea>\r\n                <\/div>\r\n\r\n                <!-- GDPR Consent -->\r\n                <div class=\"form-group gdpr-consent\">\r\n                    <input type=\"checkbox\" id=\"gdpr-consent\" name=\"gdpr_consent\" required>\r\n                    <label class=\"checkbox-label\" for=\"gdpr-consent\">\r\n                        <span class=\"checkbox-text\">Sunt de acord cu prelucrarea informa\u021biilor personale descris\u0103 \u00een <a href=\"https:\/\/mogyi.com\/pdf\/adatkezelesi_tajekozato_mogyi_ro.pdf\" target=\"_blank\">Politica de confiden\u021bialitate a website-ului<\/a> .<\/span>\r\n                    <\/label>\r\n                <\/div>\r\n\r\n                                    <!-- reCAPTCHA notice -->\r\n                    <p class=\"recaptcha-notice\">\r\n                        Aceast\u0103 pagin\u0103 este protejat\u0103 de reCAPTCHA. Google\r\n                        <a href=\"https:\/\/policies.google.com\/privacy\" target=\"_blank\">Politica de protec\u021bie a datelor<\/a> \u0219i\r\n                        <a href=\"https:\/\/policies.google.com\/terms\" target=\"_blank\">Termeni de utilizare<\/a> sunt valabile.\r\n                    <\/p>\r\n                \r\n                <!-- Submit -->\r\n                <div class=\"form-group submit-group\">\r\n                    <button type=\"submit\" class=\"submit-button\">\r\n                        Trimitere mesaj                    <\/button>\r\n                <\/div>\r\n\r\n                <!-- Required fields note -->\r\n                <p class=\"required-note\"><span class=\"required\">*<\/span>Datele marcate cu un asterisc sunt obligatorii.<\/p>\r\n\r\n                <!-- Hidden translation strings for JavaScript -->\r\n                <div style=\"display: none;\">\r\n                    <span id=\"toast-sending\">Trimite\u021bi...<\/span>\r\n                    <span id=\"toast-success\">Mesaj trimis!<\/span>\r\n                    <span id=\"toast-error\">A fost f\u0103cut\u0103 o gre\u0219eal\u0103. V\u0103 rug\u0103m s\u0103 \u00eencerca\u021bi din nou.<\/span>\r\n                <\/div>\r\n            <input type=\"hidden\" name=\"trp-form-language\" value=\"ro\"\/><\/form>\r\n        <\/div>\r\n        <\/div>\n\t\t\t\t\t\t<\/div>\n\t\t\t\t<\/div>\n\t\t\t\t\t<\/div>\n\t\t\t\t<\/div>\n\t\t\t\t<\/div>","protected":false},"excerpt":{"rendered":"<p>Contact<\/p>","protected":false},"author":1,"featured_media":0,"parent":0,"menu_order":0,"comment_status":"closed","ping_status":"closed","template":"","meta":{"footnotes":""},"class_list":["post-400","page","type-page","status-publish","hentry"],"_links":{"self":[{"href":"https:\/\/mogyi.com\/ro\/wp-json\/wp\/v2\/pages\/400","targetHints":{"allow":["GET"]}}],"collection":[{"href":"https:\/\/mogyi.com\/ro\/wp-json\/wp\/v2\/pages"}],"about":[{"href":"https:\/\/mogyi.com\/ro\/wp-json\/wp\/v2\/types\/page"}],"author":[{"embeddable":true,"href":"https:\/\/mogyi.com\/ro\/wp-json\/wp\/v2\/users\/1"}],"replies":[{"embeddable":true,"href":"https:\/\/mogyi.com\/ro\/wp-json\/wp\/v2\/comments?post=400"}],"version-history":[{"count":22,"href":"https:\/\/mogyi.com\/ro\/wp-json\/wp\/v2\/pages\/400\/revisions"}],"predecessor-version":[{"id":1490,"href":"https:\/\/mogyi.com\/ro\/wp-json\/wp\/v2\/pages\/400\/revisions\/1490"}],"wp:attachment":[{"href":"https:\/\/mogyi.com\/ro\/wp-json\/wp\/v2\/media?parent=400"}],"curies":[{"name":"wp","href":"https:\/\/api.w.org\/{rel}","templated":true}]}}