{"id":287,"date":"2025-12-09T05:15:19","date_gmt":"2025-12-09T04:15:19","guid":{"rendered":"https:\/\/mogyi.com\/?post_type=product&#038;p=287"},"modified":"2026-04-21T13:40:41","modified_gmt":"2026-04-21T11:40:41","slug":"crasssh-ceapa-lapte","status":"publish","type":"product","link":"https:\/\/mogyi.com\/ro\/produs\/crasssh-ceapa-lapte\/","title":{"rendered":"Crasssh! Bit \u2013 Sm\u00e2nt\u00e2n\u0103 acr\u0103 cu ceap\u0103"},"content":{"rendered":"","protected":false},"excerpt":{"rendered":"","protected":false},"featured_media":0,"comment_status":"open","ping_status":"closed","template":"","meta":[],"product_brand":[22],"product_cat":[25],"product_tag":[],"mogyi_taste":[63],"mogyi_benefits":[45,52],"mogyi_other_tags":[],"class_list":{"0":"post-287","1":"product","2":"type-product","3":"status-publish","5":"product_brand-crasssh","6":"product_cat-magvak","7":"mogyi_taste-izesitett","8":"mogyi_benefits-asvanyi-anyag-forras","9":"mogyi_benefits-izfokozo-mentes","11":"first","12":"instock","13":"shipping-taxable","14":"product-type-simple"},"_links":{"self":[{"href":"https:\/\/mogyi.com\/ro\/wp-json\/wp\/v2\/product\/287","targetHints":{"allow":["GET"]}}],"collection":[{"href":"https:\/\/mogyi.com\/ro\/wp-json\/wp\/v2\/product"}],"about":[{"href":"https:\/\/mogyi.com\/ro\/wp-json\/wp\/v2\/types\/product"}],"replies":[{"embeddable":true,"href":"https:\/\/mogyi.com\/ro\/wp-json\/wp\/v2\/comments?post=287"}],"wp:attachment":[{"href":"https:\/\/mogyi.com\/ro\/wp-json\/wp\/v2\/media?parent=287"}],"wp:term":[{"taxonomy":"product_brand","embeddable":true,"href":"https:\/\/mogyi.com\/ro\/wp-json\/wp\/v2\/product_brand?post=287"},{"taxonomy":"product_cat","embeddable":true,"href":"https:\/\/mogyi.com\/ro\/wp-json\/wp\/v2\/product_cat?post=287"},{"taxonomy":"product_tag","embeddable":true,"href":"https:\/\/mogyi.com\/ro\/wp-json\/wp\/v2\/product_tag?post=287"},{"taxonomy":"mogyi_taste","embeddable":true,"href":"https:\/\/mogyi.com\/ro\/wp-json\/wp\/v2\/mogyi_taste?post=287"},{"taxonomy":"mogyi_benefits","embeddable":true,"href":"https:\/\/mogyi.com\/ro\/wp-json\/wp\/v2\/mogyi_benefits?post=287"},{"taxonomy":"mogyi_other_tags","embeddable":true,"href":"https:\/\/mogyi.com\/ro\/wp-json\/wp\/v2\/mogyi_other_tags?post=287"}],"curies":[{"name":"wp","href":"https:\/\/api.w.org\/{rel}","templated":true}]}}