{"id":1071,"date":"2025-12-10T15:41:19","date_gmt":"2025-12-10T14:41:19","guid":{"rendered":"https:\/\/mogyi.com\/?post_type=product&#038;p=1071"},"modified":"2026-02-13T14:58:27","modified_gmt":"2026-02-13T13:58:27","slug":"foldimogyoro-extra-sos-red-lehas","status":"publish","type":"product","link":"https:\/\/mogyi.com\/sk\/produkt\/foldimogyoro-extra-sos-red-lehas\/","title":{"rendered":"Ara\u0161idy extra slan\u00e9, \u010derven\u00e1 \u0161upka"},"content":{"rendered":"","protected":false},"excerpt":{"rendered":"","protected":false},"featured_media":0,"comment_status":"open","ping_status":"closed","template":"","meta":[],"product_brand":[],"product_cat":[25],"product_tag":[],"mogyi_taste":[64,31],"mogyi_benefits":[45,51],"mogyi_other_tags":[],"class_list":{"0":"post-1071","1":"product","2":"type-product","3":"status-publish","5":"product_cat-magvak","6":"mogyi_taste-olaj-nelkul-piritott","7":"mogyi_taste-sos","8":"mogyi_benefits-asvanyi-anyag-forras","9":"mogyi_benefits-vitaminforras","11":"first","12":"instock","13":"shipping-taxable","14":"product-type-simple"},"_links":{"self":[{"href":"https:\/\/mogyi.com\/sk\/wp-json\/wp\/v2\/product\/1071","targetHints":{"allow":["GET"]}}],"collection":[{"href":"https:\/\/mogyi.com\/sk\/wp-json\/wp\/v2\/product"}],"about":[{"href":"https:\/\/mogyi.com\/sk\/wp-json\/wp\/v2\/types\/product"}],"replies":[{"embeddable":true,"href":"https:\/\/mogyi.com\/sk\/wp-json\/wp\/v2\/comments?post=1071"}],"wp:attachment":[{"href":"https:\/\/mogyi.com\/sk\/wp-json\/wp\/v2\/media?parent=1071"}],"wp:term":[{"taxonomy":"product_brand","embeddable":true,"href":"https:\/\/mogyi.com\/sk\/wp-json\/wp\/v2\/product_brand?post=1071"},{"taxonomy":"product_cat","embeddable":true,"href":"https:\/\/mogyi.com\/sk\/wp-json\/wp\/v2\/product_cat?post=1071"},{"taxonomy":"product_tag","embeddable":true,"href":"https:\/\/mogyi.com\/sk\/wp-json\/wp\/v2\/product_tag?post=1071"},{"taxonomy":"mogyi_taste","embeddable":true,"href":"https:\/\/mogyi.com\/sk\/wp-json\/wp\/v2\/mogyi_taste?post=1071"},{"taxonomy":"mogyi_benefits","embeddable":true,"href":"https:\/\/mogyi.com\/sk\/wp-json\/wp\/v2\/mogyi_benefits?post=1071"},{"taxonomy":"mogyi_other_tags","embeddable":true,"href":"https:\/\/mogyi.com\/sk\/wp-json\/wp\/v2\/mogyi_other_tags?post=1071"}],"curies":[{"name":"wp","href":"https:\/\/api.w.org\/{rel}","templated":true}]}}