{"id":1845,"date":"2026-04-02T15:44:14","date_gmt":"2026-04-02T13:44:14","guid":{"rendered":"https:\/\/mogyi.com\/?post_type=product&#038;p=1845"},"modified":"2026-04-07T11:09:10","modified_gmt":"2026-04-07T09:09:10","slug":"foldimogyorokrem","status":"publish","type":"product","link":"https:\/\/mogyi.com\/sk\/produkt\/foldimogyorokrem\/","title":{"rendered":"Ara\u0161idov\u00fd kr\u00e9m"},"content":{"rendered":"","protected":false},"excerpt":{"rendered":"","protected":false},"featured_media":0,"comment_status":"open","ping_status":"closed","template":"","meta":[],"product_brand":[],"product_cat":[77],"product_tag":[],"mogyi_taste":[],"mogyi_benefits":[],"mogyi_other_tags":[],"class_list":{"0":"post-1845","1":"product","2":"type-product","3":"status-publish","5":"product_cat-magkremek","7":"first","8":"instock","9":"shipping-taxable","10":"product-type-simple"},"_links":{"self":[{"href":"https:\/\/mogyi.com\/sk\/wp-json\/wp\/v2\/product\/1845","targetHints":{"allow":["GET"]}}],"collection":[{"href":"https:\/\/mogyi.com\/sk\/wp-json\/wp\/v2\/product"}],"about":[{"href":"https:\/\/mogyi.com\/sk\/wp-json\/wp\/v2\/types\/product"}],"replies":[{"embeddable":true,"href":"https:\/\/mogyi.com\/sk\/wp-json\/wp\/v2\/comments?post=1845"}],"wp:attachment":[{"href":"https:\/\/mogyi.com\/sk\/wp-json\/wp\/v2\/media?parent=1845"}],"wp:term":[{"taxonomy":"product_brand","embeddable":true,"href":"https:\/\/mogyi.com\/sk\/wp-json\/wp\/v2\/product_brand?post=1845"},{"taxonomy":"product_cat","embeddable":true,"href":"https:\/\/mogyi.com\/sk\/wp-json\/wp\/v2\/product_cat?post=1845"},{"taxonomy":"product_tag","embeddable":true,"href":"https:\/\/mogyi.com\/sk\/wp-json\/wp\/v2\/product_tag?post=1845"},{"taxonomy":"mogyi_taste","embeddable":true,"href":"https:\/\/mogyi.com\/sk\/wp-json\/wp\/v2\/mogyi_taste?post=1845"},{"taxonomy":"mogyi_benefits","embeddable":true,"href":"https:\/\/mogyi.com\/sk\/wp-json\/wp\/v2\/mogyi_benefits?post=1845"},{"taxonomy":"mogyi_other_tags","embeddable":true,"href":"https:\/\/mogyi.com\/sk\/wp-json\/wp\/v2\/mogyi_other_tags?post=1845"}],"curies":[{"name":"wp","href":"https:\/\/api.w.org\/{rel}","templated":true}]}}