{"id":578,"date":"2025-12-11T23:46:58","date_gmt":"2025-12-11T22:46:58","guid":{"rendered":"https:\/\/mogyi.com\/?post_type=product&#038;p=578"},"modified":"2026-04-21T13:40:12","modified_gmt":"2026-04-21T11:40:12","slug":"ovev-pecene-lieskove-oriesky","status":"publish","type":"product","link":"https:\/\/mogyi.com\/sk\/produkt\/ovev-pecene-lieskove-oriesky\/","title":{"rendered":"Pe\u010den\u00e9 v r\u00fare - lieskovoorie\u0161kov\u00e9 \u010drev\u00e1"},"content":{"rendered":"","protected":false},"excerpt":{"rendered":"","protected":false},"featured_media":0,"comment_status":"open","ping_status":"closed","template":"","meta":[],"product_brand":[],"product_cat":[25],"product_tag":[],"mogyi_taste":[64],"mogyi_benefits":[45,46,51],"mogyi_other_tags":[],"class_list":{"0":"post-578","1":"product","2":"type-product","3":"status-publish","5":"product_cat-magvak","6":"mogyi_taste-olaj-nelkul-piritott","7":"mogyi_benefits-asvanyi-anyag-forras","8":"mogyi_benefits-elelmi-rost","9":"mogyi_benefits-vitaminforras","11":"first","12":"instock","13":"shipping-taxable","14":"product-type-simple"},"_links":{"self":[{"href":"https:\/\/mogyi.com\/sk\/wp-json\/wp\/v2\/product\/578","targetHints":{"allow":["GET"]}}],"collection":[{"href":"https:\/\/mogyi.com\/sk\/wp-json\/wp\/v2\/product"}],"about":[{"href":"https:\/\/mogyi.com\/sk\/wp-json\/wp\/v2\/types\/product"}],"replies":[{"embeddable":true,"href":"https:\/\/mogyi.com\/sk\/wp-json\/wp\/v2\/comments?post=578"}],"wp:attachment":[{"href":"https:\/\/mogyi.com\/sk\/wp-json\/wp\/v2\/media?parent=578"}],"wp:term":[{"taxonomy":"product_brand","embeddable":true,"href":"https:\/\/mogyi.com\/sk\/wp-json\/wp\/v2\/product_brand?post=578"},{"taxonomy":"product_cat","embeddable":true,"href":"https:\/\/mogyi.com\/sk\/wp-json\/wp\/v2\/product_cat?post=578"},{"taxonomy":"product_tag","embeddable":true,"href":"https:\/\/mogyi.com\/sk\/wp-json\/wp\/v2\/product_tag?post=578"},{"taxonomy":"mogyi_taste","embeddable":true,"href":"https:\/\/mogyi.com\/sk\/wp-json\/wp\/v2\/mogyi_taste?post=578"},{"taxonomy":"mogyi_benefits","embeddable":true,"href":"https:\/\/mogyi.com\/sk\/wp-json\/wp\/v2\/mogyi_benefits?post=578"},{"taxonomy":"mogyi_other_tags","embeddable":true,"href":"https:\/\/mogyi.com\/sk\/wp-json\/wp\/v2\/mogyi_other_tags?post=578"}],"curies":[{"name":"wp","href":"https:\/\/api.w.org\/{rel}","templated":true}]}}