{"id":905,"date":"2025-12-11T09:00:43","date_gmt":"2025-12-11T08:00:43","guid":{"rendered":"https:\/\/mogyi.com\/?post_type=product&#038;p=905"},"modified":"2026-04-02T15:16:28","modified_gmt":"2026-04-02T13:16:28","slug":"foldimogyoro-karamel","status":"publish","type":"product","link":"https:\/\/mogyi.com\/sk\/produkt\/foldimogyoro-karamel\/","title":{"rendered":"Ara\u0161idov\u00fd slan\u00fd karamel"},"content":{"rendered":"","protected":false},"excerpt":{"rendered":"","protected":false},"featured_media":0,"comment_status":"open","ping_status":"closed","template":"","meta":[],"product_brand":[],"product_cat":[25],"product_tag":[],"mogyi_taste":[32,63,64],"mogyi_benefits":[45,47,52,50,51],"mogyi_other_tags":[72,79],"class_list":{"0":"post-905","1":"product","2":"type-product","3":"status-publish","5":"product_cat-magvak","6":"mogyi_taste-edes","7":"mogyi_taste-izesitett","8":"mogyi_taste-olaj-nelkul-piritott","9":"mogyi_benefits-asvanyi-anyag-forras","10":"mogyi_benefits-feherje-forras","11":"mogyi_benefits-izfokozo-mentes","12":"mogyi_benefits-mesterseges-szinezek-mentes","13":"mogyi_benefits-vitaminforras","14":"mogyi_other_tags-izesitett-foldimogyrok","15":"mogyi_other_tags-ob-kampany","17":"first","18":"instock","19":"shipping-taxable","20":"product-type-simple"},"_links":{"self":[{"href":"https:\/\/mogyi.com\/sk\/wp-json\/wp\/v2\/product\/905","targetHints":{"allow":["GET"]}}],"collection":[{"href":"https:\/\/mogyi.com\/sk\/wp-json\/wp\/v2\/product"}],"about":[{"href":"https:\/\/mogyi.com\/sk\/wp-json\/wp\/v2\/types\/product"}],"replies":[{"embeddable":true,"href":"https:\/\/mogyi.com\/sk\/wp-json\/wp\/v2\/comments?post=905"}],"wp:attachment":[{"href":"https:\/\/mogyi.com\/sk\/wp-json\/wp\/v2\/media?parent=905"}],"wp:term":[{"taxonomy":"product_brand","embeddable":true,"href":"https:\/\/mogyi.com\/sk\/wp-json\/wp\/v2\/product_brand?post=905"},{"taxonomy":"product_cat","embeddable":true,"href":"https:\/\/mogyi.com\/sk\/wp-json\/wp\/v2\/product_cat?post=905"},{"taxonomy":"product_tag","embeddable":true,"href":"https:\/\/mogyi.com\/sk\/wp-json\/wp\/v2\/product_tag?post=905"},{"taxonomy":"mogyi_taste","embeddable":true,"href":"https:\/\/mogyi.com\/sk\/wp-json\/wp\/v2\/mogyi_taste?post=905"},{"taxonomy":"mogyi_benefits","embeddable":true,"href":"https:\/\/mogyi.com\/sk\/wp-json\/wp\/v2\/mogyi_benefits?post=905"},{"taxonomy":"mogyi_other_tags","embeddable":true,"href":"https:\/\/mogyi.com\/sk\/wp-json\/wp\/v2\/mogyi_other_tags?post=905"}],"curies":[{"name":"wp","href":"https:\/\/api.w.org\/{rel}","templated":true}]}}